{"id":68,"date":"2016-06-14T05:24:19","date_gmt":"2016-06-14T05:24:19","guid":{"rendered":"http:\/\/sw-themes.com\/porto_dummy\/?page_id=68"},"modified":"2025-10-13T20:44:26","modified_gmt":"2025-10-13T18:44:26","slug":"jobs","status":"publish","type":"page","link":"https:\/\/schuler.at\/auto\/jobs\/","title":{"rendered":"Jobs"},"content":{"rendered":"<div class=\"wpb-content-wrapper\"><p>[vc_row wrap_container=&#8220;yes&#8220; css=&#8220;.vc_custom_1543890012935{padding-top: 50px !important;}&#8220;][vc_column offset=&#8220;vc_col-md-8 vc_col-xs-12&#8243;][vc_custom_heading text=&#8220;Finde <b>deinen Job<\/b>&#8220; font_container=&#8220;tag:h2|font_size:28px|text_align:left&#8220; use_theme_fonts=&#8220;yes&#8220; css_animation=&#8220;fadeInUp&#8220; el_class=&#8220;mb-3&#8243;][vc_column_text css_animation=&#8220;fadeInUp&#8220; el_class=&#8220;lead mb-4&#8243;]Willst du in einem Familienbetrieb mitarbeiten mit coolen Arbeitskollegen, flexiblen Arbeitszeiten und abwechslungsreichen Aufgaben?<\/p>\n<p>Dann bist du bei uns genau richtig![\/vc_column_text][vc_column_text css_animation=&#8220;fadeInUp&#8220; css=&#8220;&#8220; css_params=&#8220;&#8220;]Aktuell suchen wir Verst\u00e4rkung f\u00fcr unser B\u00fcro und gerne k\u00f6nnen auch Bewerbungen f\u00fcr unsere Werkstatt oder einfach Initiativbewerbungen gesendet werden.<\/p>\n<p>Wir freuen uns auf deine Bewerbung![\/vc_column_text][\/vc_column][vc_column offset=&#8220;vc_col-md-4&#8243;]<div class=\"porto-testimonial wpb_content_element appear-animation   wpb_custom_4760b66c0cbf51ec9a7673f3785bca75\" data-appear-animation=\"fadeIn\" data-appear-animation-delay=\"400\"><div class=\"testimonial\"><blockquote><p>Wir freuen uns auf deine Bewerbung! Einfach Email an jobs@schuler.at senden.<\/p><\/blockquote><div class=\"testimonial-arrow-down\"><\/div><div class=\"testimonial-author\"><div class=\"testimonial-author-thumbnail\"><img loading=\"lazy\" decoding=\"async\" src=\"https:\/\/schuler.at\/auto\/wp-content\/uploads\/2021\/07\/harald-132x150.png\" alt=\"Harald Schuler\" class=\"img-circle\" width=\"132\" height=\"150\"><\/div><p><strong>Harald Schuler<\/strong><span><\/span><\/p><\/div><\/div><\/div>[\/vc_column][\/vc_row][vc_row wrap_container=&#8220;yes&#8220; is_section=&#8220;yes&#8220; remove_margin_top=&#8220;yes&#8220; remove_margin_bottom=&#8220;yes&#8220; remove_border=&#8220;yes&#8220; css=&#8220;.vc_custom_1543891117429{padding-top: 70px !important;}&#8220;][vc_column width=&#8220;2\/3&#8243;][vc_custom_heading text=&#8220;Aktuelle <strong>Jobangebote<\/strong>&#8220; font_container=&#8220;tag:h4|text_align:left&#8220; use_theme_fonts=&#8220;yes&#8220;][vc_accordion active_tab=&#8220;1&#8243; type=&#8220;panel-modern&#8220; el_class=&#8220;mb-5&#8243;][vc_accordion_tab title=&#8220;Hilfsarbeiter&#8220;][vc_column_text]Wir sind auf der Suche nach <strong>einem motivierten Hilfsarbeiter<\/strong> (m\/w\/d)<\/p>\n<p>Du bist ein richtiger Allrounder und liebst Autos. Dann bist du bei uns genau richtig. Von der Autoaufbereitung bis hin zur Reifenmontage, Werkstattreinigung und Hausmeisterarbeiten &#8211; wir bieten dir einen abwechslungsreichen Job rund ums Auto.<\/p>\n<p>Wir freuen uns auf deine Bewerbung! Am besten schickst du diese einfach per Email an <strong><a href=\"mailto:jobs@schuler.at\">jobs@schuler.at<\/a><\/strong><\/p>\n<p><a class=\"btn btn-modern btn-dark\" href=\"mailto:jobs@schuler.at\">Bewerbung senden<\/a>[\/vc_column_text][\/vc_accordion_tab][\/vc_accordion][\/vc_column][vc_column width=&#8220;1\/3&#8243;]<div class=\"porto-ibanner interactive-banner-wrap-07dd21040fa50768c9d370ae74e47015\" style=\"\"><img loading=\"lazy\" decoding=\"async\" alt=\"\" width=\"2500\" height=\"1601\" class=\"porto-ibanner-img\" src=\"https:\/\/schuler.at\/auto\/wp-content\/uploads\/2025\/07\/teambild2024_neu.jpg\" srcset=\"https:\/\/schuler.at\/auto\/wp-content\/uploads\/2025\/07\/teambild2024_neu.jpg 2500w, https:\/\/schuler.at\/auto\/wp-content\/uploads\/2025\/07\/teambild2024_neu-1024x656.jpg 1024w, https:\/\/schuler.at\/auto\/wp-content\/uploads\/2025\/07\/teambild2024_neu-768x492.jpg 768w, https:\/\/schuler.at\/auto\/wp-content\/uploads\/2025\/07\/teambild2024_neu-1536x984.jpg 1536w, https:\/\/schuler.at\/auto\/wp-content\/uploads\/2025\/07\/teambild2024_neu-2048x1312.jpg 2048w, https:\/\/schuler.at\/auto\/wp-content\/uploads\/2025\/07\/teambild2024_neu-640x410.jpg 640w, https:\/\/schuler.at\/auto\/wp-content\/uploads\/2025\/07\/teambild2024_neu-400x256.jpg 400w, https:\/\/schuler.at\/auto\/wp-content\/uploads\/2025\/07\/teambild2024_neu-367x235.jpg 367w\" sizes=\"auto, (max-width: 2500px) 100vw, 2500px\"><\/div>[\/vc_column][\/vc_row]<\/p>\n<\/div>","protected":false},"excerpt":{"rendered":"<p>[vc_row wrap_container=&#8220;yes&#8220; css=&#8220;.vc_custom_1543890012935{padding-top: 50px !important;}&#8220;][vc_column offset=&#8220;vc_col-md-8 vc_col-xs-12&#8243;][vc_custom_heading text=&#8220;Finde deinen Job&#8220; font_container=&#8220;tag:h2|font_size:28px|text_align:left&#8220; use_theme_fonts=&#8220;yes&#8220; css_animation=&#8220;fadeInUp&#8220; el_class=&#8220;mb-3&#8243;][vc_column_text css_animation=&#8220;fadeInUp&#8220; el_class=&#8220;lead mb-4&#8243;]Willst du in einem Familienbetrieb mitarbeiten mit coolen Arbeitskollegen, flexiblen Arbeitszeiten und abwechslungsreichen Aufgaben? Dann bist du bei uns genau richtig![\/vc_column_text][vc_column_text css_animation=&#8220;fadeInUp&#8220; css=&#8220;&#8220; css_params=&#8220;&#8220;]Aktuell suchen wir Verst\u00e4rkung f\u00fcr unser B\u00fcro und gerne k\u00f6nnen auch Bewerbungen f\u00fcr unsere Werkstatt oder [&hellip;]<\/p>\n","protected":false},"author":1,"featured_media":0,"parent":0,"menu_order":0,"comment_status":"closed","ping_status":"closed","template":"","meta":{"_mo_disable_npp":"","footnotes":""},"class_list":["post-68","page","type-page","status-publish","hentry"],"_links":{"self":[{"href":"https:\/\/schuler.at\/auto\/wp-json\/wp\/v2\/pages\/68","targetHints":{"allow":["GET"]}}],"collection":[{"href":"https:\/\/schuler.at\/auto\/wp-json\/wp\/v2\/pages"}],"about":[{"href":"https:\/\/schuler.at\/auto\/wp-json\/wp\/v2\/types\/page"}],"author":[{"embeddable":true,"href":"https:\/\/schuler.at\/auto\/wp-json\/wp\/v2\/users\/1"}],"replies":[{"embeddable":true,"href":"https:\/\/schuler.at\/auto\/wp-json\/wp\/v2\/comments?post=68"}],"version-history":[{"count":54,"href":"https:\/\/schuler.at\/auto\/wp-json\/wp\/v2\/pages\/68\/revisions"}],"predecessor-version":[{"id":1094720,"href":"https:\/\/schuler.at\/auto\/wp-json\/wp\/v2\/pages\/68\/revisions\/1094720"}],"wp:attachment":[{"href":"https:\/\/schuler.at\/auto\/wp-json\/wp\/v2\/media?parent=68"}],"curies":[{"name":"wp","href":"https:\/\/api.w.org\/{rel}","templated":true}]}}